{"id":44913,"date":"2018-01-03T15:23:13","date_gmt":"2018-01-03T14:23:13","guid":{"rendered":"http:\/\/wl58www121.webland.ch\/?page_id=44913"},"modified":"2018-01-28T22:58:57","modified_gmt":"2018-01-28T21:58:57","slug":"angeschlossene-vereine","status":"publish","type":"page","link":"https:\/\/www.fasnachtarbon.ch\/?page_id=44913","title":{"rendered":"Angeschlossene Vereine"},"content":{"rendered":"<p>[vc_row][vc_column][vc_column_text]Eine derartig grosse Veranstaltung wie die Arboner Fasnacht kann nur durch zahlreiche helfende H\u00e4nde und zugewandte Vereine gestemmt werden. Seit Jahrzehnten geh\u00f6ren diese Vereine der Fasnachtsgesellschaft L\u00e4llek\u00f6nige Arbon an.[\/vc_column_text][\/vc_column][\/vc_row]<\/p>\n","protected":false},"excerpt":{"rendered":"<p>[vc_row][vc_column][vc_column_text]Eine derartig grosse Veranstaltung wie die Arboner Fasnacht kann nur durch zahlreiche helfende H\u00e4nde und zugewandte Vereine gestemmt werden. Seit Jahrzehnten geh\u00f6ren diese Vereine der Fasnachtsgesellschaft L\u00e4llek\u00f6nige Arbon an.[\/vc_column_text][\/vc_column][\/vc_row]<\/p>\n","protected":false},"author":1,"featured_media":0,"parent":16279,"menu_order":0,"comment_status":"closed","ping_status":"closed","template":"template-team.php","meta":{"footnotes":""},"class_list":["post-44913","page","type-page","status-publish","hentry","description-off"],"_links":{"self":[{"href":"https:\/\/www.fasnachtarbon.ch\/index.php?rest_route=\/wp\/v2\/pages\/44913","targetHints":{"allow":["GET"]}}],"collection":[{"href":"https:\/\/www.fasnachtarbon.ch\/index.php?rest_route=\/wp\/v2\/pages"}],"about":[{"href":"https:\/\/www.fasnachtarbon.ch\/index.php?rest_route=\/wp\/v2\/types\/page"}],"author":[{"embeddable":true,"href":"https:\/\/www.fasnachtarbon.ch\/index.php?rest_route=\/wp\/v2\/users\/1"}],"replies":[{"embeddable":true,"href":"https:\/\/www.fasnachtarbon.ch\/index.php?rest_route=%2Fwp%2Fv2%2Fcomments&post=44913"}],"version-history":[{"count":3,"href":"https:\/\/www.fasnachtarbon.ch\/index.php?rest_route=\/wp\/v2\/pages\/44913\/revisions"}],"predecessor-version":[{"id":45037,"href":"https:\/\/www.fasnachtarbon.ch\/index.php?rest_route=\/wp\/v2\/pages\/44913\/revisions\/45037"}],"up":[{"embeddable":true,"href":"https:\/\/www.fasnachtarbon.ch\/index.php?rest_route=\/wp\/v2\/pages\/16279"}],"wp:attachment":[{"href":"https:\/\/www.fasnachtarbon.ch\/index.php?rest_route=%2Fwp%2Fv2%2Fmedia&parent=44913"}],"curies":[{"name":"wp","href":"https:\/\/api.w.org\/{rel}","templated":true}]}}