{"id":45310,"date":"2018-08-08T22:45:33","date_gmt":"2018-08-08T20:45:33","guid":{"rendered":"https:\/\/www.fasnachtarbon.ch\/?page_id=45310"},"modified":"2018-08-08T23:12:28","modified_gmt":"2018-08-08T21:12:28","slug":"datenschutz","status":"publish","type":"page","link":"https:\/\/www.fasnachtarbon.ch\/?page_id=45310","title":{"rendered":"Datenschutz"},"content":{"rendered":"<p>[vc_row][vc_column][vc_column_text]<\/p>\n<h2 class=\"container\">Datenschutzerkl\u00e4rung<\/h2>\n<p class=\"container\">Diese Datenschutzerkl\u00e4rung unterliegt den Gesetzen der Schweiz und ist gem\u00e4ss diesen Gesetzen auszulegen. Die Bestimmungen ber\u00fccksichtigen die Neuregelungen im Rahmen der Datenschutz-Grundverordnung der EU von 2018 (DSGVO 2016\/679).<\/p>\n<p>Die Betreiber dieser Seiten nehmen den Schutz Ihrer pers\u00f6nlichen Daten sehr ernst. Wir behandeln Ihre personenbezogenen Daten vertraulich und entsprechend der gesetzlichen Datenschutzvorschriften sowie dieser Datenschutzerkl\u00e4rung.<\/p>\n<p>Die Nutzung unserer Website ist in der Regel ohne Angabe personenbezogener Daten m\u00f6glich. Soweit auf unseren Seiten personenbezogene Daten (beispielsweise Name, Anschrift oder E-Mail-Adressen) erhoben werden, erfolgt dies, soweit m\u00f6glich, stets auf freiwilliger Basis. Diese Daten werden gem\u00e4ss dieser Datenschutzerkl\u00e4rung teilweise an Dritte weitergegeben.<br \/>\nWir weisen darauf hin, dass die Daten\u00fcbertragung im Internet (z.B. bei der Kommunikation per E-Mail) Sicherheitsl\u00fccken aufweisen kann. Ein l\u00fcckenloser Schutz der Daten vor dem Zugriff durch Dritte ist nicht m\u00f6glich.<\/p>\n<p>&nbsp;<\/p>\n<h4 class=\"container headLine\">Verantwortliche Stelle f\u00fcr die Datenverarbeitung auf dieser Webseite:<\/h4>\n<p class=\"container\">FGA Fasnachtsgesellschaft L\u00e4llek\u00f6nig Arbon<br \/>\n9320 Arbon<br \/>\nSchweiz<\/p>\n<p>Verantwortliche Stelle ist die nat\u00fcrliche oder juristische Person, die allein oder gemeinsam mit anderen \u00fcber die Zwecke und Mittel der Verarbeitung von personenbezogenen Daten (z.B. Namen, E-Mail-Adressen o. \u00c4.) entscheidet.<\/p>\n<div><\/div>\n<p>&nbsp;<\/p>\n<h3 class=\"container\">Cookies<\/h3>\n<p class=\"container\">Die Internetseiten verwenden teilweise so genannte Cookies. Cookies richten auf Ihrem Rechner keinen Schaden an und enthalten keine Viren. Cookies dienen dazu, unser Angebot nutzerfreundlicher, effektiver und sicherer zu machen. Cookies sind kleine Textdateien, die auf Ihrem Rechner abgelegt werden und die Ihr Browser speichert.<\/p>\n<p>Die meisten der von uns verwendeten Cookies sind so genannte \u201eSession-Cookies\u201c. Sie werden nach Ende Ihres Besuchs automatisch gel\u00f6scht. Andere Cookies bleiben auf Ihrem Endger\u00e4t gespeichert, bis Sie diese l\u00f6schen. Diese Cookies erm\u00f6glichen es uns, Ihren Browser beim n\u00e4chsten Besuch wiederzuerkennen.<\/p>\n<p>Sie k\u00f6nnen Ihren Browser so einstellen, dass Sie \u00fcber das Setzen von Cookies informiert werden und Cookies nur im Einzelfall erlauben, die Annahme von Cookies f\u00fcr bestimmte F\u00e4lle oder generell ausschlie\u00dfen sowie das automatische L\u00f6schen der Cookies beim Schlie\u00dfen des Browser aktivieren. Bei der Deaktivierung von Cookies kann die Funktionalit\u00e4t dieser Website eingeschr\u00e4nkt sein.<\/p>\n<p>Cookies, die zur Durchf\u00fchrung des elektronischen Kommunikationsvorgangs oder zur Bereitstellung bestimmter, von Ihnen erw\u00fcnschter Funktionen (z.B. Warenkorbfunktion) erforderlich sind, werden auf Grundlage von Art. 6 Abs. 1 lit. f DSGVO gespeichert. Der Websitebetreiber hat ein berechtigtes Interesse an der Speicherung von Cookies zur technisch fehlerfreien und optimierten Bereitstellung seiner Dienste. Soweit andere Cookies (z.B. Cookies zur Analyse Ihres Surfverhaltens) gespeichert werden, werden diese in dieser Datenschutzerkl\u00e4rung gesondert behandelt.<\/p>\n<p>&nbsp;<\/p>\n<h3 class=\"container\">Hosting Provider &amp; Server-LogFiles<\/h3>\n<p class=\"container\">Der Provider der Seiten erhebt und speichert automatisch Informationen in so genannten Server-Log Files, die Ihr Browser automatisch an uns \u00fcbermittelt. Dies sind:<\/p>\n<div class=\"container\">\n<ul class=\"bullet first\">\n<li>IP-Adresse<\/li>\n<li>Browsertyp und Browserversion<\/li>\n<li>verwendetes Betriebssystem<\/li>\n<li>Referrer URL<\/li>\n<li>Hostname des zugreifenden Rechners<\/li>\n<li>Uhrzeit der Serveranfrage<\/li>\n<\/ul>\n<\/div>\n<div><\/div>\n<p class=\"container\">Diese Daten sind nicht direkt bestimmten Personen zuordbar. Eine Zusammenf\u00fchrung dieser Daten mit anderen Datenquellen wird nicht vorgenommen. Wir behalten uns vor, diese Daten nachtr\u00e4glich zu pr\u00fcfen, wenn uns konkrete Anhaltspunkte f\u00fcr eine rechtswidrige Nutzung bekannt werden.<br \/>\nDiese Daten sowie alle Daten dieser Website werden bei unserem Hosting-Provider Webland AG, Emil Frey-Strasse 85, 4142 M\u00fcnchenstein gespeichert, deren Datenschutzerkl\u00e4rung Sie <a href=\"https:\/\/www.webland.ch\/de-ch\/%C3%9Cber-uns\/Datenschutz\" target=\"_blank\" rel=\"noopener\">hier finden<\/a>.<\/p>\n<p>&nbsp;<\/p>\n<h3 class=\"container\">SSL-Verschl\u00fcsselung<\/h3>\n<p class=\"container\">Diese Seite nutzt aus Gr\u00fcnden der Sicherheit und zum Schutz der \u00dcbertragung vertraulicher Inhalte, wie zum Beispiel der Anfragen, die Sie an uns als Seitenbetreiber senden, eine SSL-Verschl\u00fcsselung. Eine verschl\u00fcsselte Verbindung erkennen Sie daran, dass die Adresszeile des Browsers von \u201ehttp:\/\/\u201c auf \u201ehttps:\/\/\u201c wechselt und an dem Schloss-Symbol in Ihrer Browserzeile.<br \/>\nWenn die SSL Verschl\u00fcsselung aktiviert ist, k\u00f6nnen die Daten, die Sie an uns \u00fcbermitteln, nicht von Dritten mitgelesen werden.<\/p>\n<p>&nbsp;<\/p>\n<h3 class=\"container\">Kontaktformular<\/h3>\n<p class=\"container\">Wenn Sie uns per Kontaktformular Anfragen zukommen lassen, werden Ihre Angaben aus dem Anfrageformular inklusive der von Ihnen dort angegebenen Kontaktdaten inklusive IP-Adresse zwecks Bearbeitung der Anfrage und f\u00fcr den Fall von Anschlussfragen bei uns gespeichert. Diese Daten geben wir nicht ohne Ihre Einwilligung weiter.<\/p>\n<p>Die Verarbeitung der in das Kontaktformular eingegebenen Daten erfolgt somit ausschlie\u00dflich auf Grundlage Ihrer Einwilligung (Art. 6 Abs. 1 lit. a DSGVO). Sie k\u00f6nnen diese Einwilligung jederzeit widerrufen. Dazu reicht eine formlose Mitteilung per E-Mail an uns. Die Rechtm\u00e4ssigkeit der bis zum Widerruf erfolgten Datenverarbeitungsvorg\u00e4nge bleibt vom Widerruf unber\u00fchrt.<\/p>\n<p>Die von Ihnen im Kontaktformular eingegebenen Daten verbleiben bei uns, bis Sie uns zur L\u00f6schung auffordern, Ihre Einwilligung zur Speicherung widerrufen oder der Zweck f\u00fcr die Datenspeicherung entf\u00e4llt (z.B. nach abgeschlossener Bearbeitung Ihrer Anfrage). Zwingende gesetzliche Bestimmungen \u2013 insbesondere Aufbewahrungsfristen \u2013 bleiben unber\u00fchrt.<\/p>\n<p>&nbsp;<\/p>\n<h3>Datenschutzerkl\u00e4rung f\u00fcr die Nutzung von Facebook-Plugins (Like-Button)<\/h3>\n<p>Auf unseren Seiten sind Plugins des sozialen Netzwerks Facebook, 1601 South California Avenue, Palo Alto, CA 94304, USA integriert. Die Facebook-Plugins erkennen Sie an dem Facebook-Logo oder dem \u201cLike-Button\u201d (\u201cGef\u00e4llt mir\u201d) auf unserer Seite. Eine \u00dcbersicht \u00fcber die Facebook-Plugins finden Sie hier: http:\/\/developers.facebook.com\/docs\/plugins\/.<\/p>\n<p>Wenn Sie unsere Seiten besuchen, wird \u00fcber das Plugin eine direkte Verbindung zwischen Ihrem Browser und dem Facebook-Server hergestellt. Facebook erh\u00e4lt dadurch die Information, dass Sie mit Ihrer IP-Adresse unsere Seite besucht haben. Wenn Sie den Facebook \u201cLike-Button\u201d anklicken w\u00e4hrend Sie in Ihrem Facebook-Account eingeloggt sind, k\u00f6nnen Sie die Inhalte unserer Seiten auf Ihrem Facebook-Profil verlinken. Dadurch kann Facebook den Besuch unserer Seiten Ihrem Benutzerkonto zuordnen. Wir weisen darauf hin, dass wir als Anbieter der Seiten keine Kenntnis vom Inhalt der \u00fcbermittelten Daten sowie deren Nutzung durch Facebook erhalten. Weitere Informationen hierzu finden Sie in der Datenschutzerkl\u00e4rung von facebook unter https:\/\/www.facebook.com\/about\/privacy\/<\/p>\n<p>Wenn Sie nicht w\u00fcnschen, dass Facebook den Besuch unserer Seiten Ihrem Facebook-Nutzerkonto zuordnen kann, loggen Sie sich bitte aus Ihrem Facebook-Benutzerkonto aus.<\/p>\n<p>&nbsp;<\/p>\n<h3>Datenschutzerkl\u00e4rung f\u00fcr die Nutzung von Twitter<\/h3>\n<p>Auf unseren Seiten sind Funktionen des Dienstes Twitter eingebunden. Diese Funktionen werden angeboten durch die Twitter Inc., 795 Folsom St., Suite 600, San Francisco, CA 94107, USA. Durch das Benutzen von Twitter und der Funktion \u201cRe-Tweet\u201d werden die von Ihnen besuchten Webseiten mit Ihrem Twitter-Account verkn\u00fcpft und anderen Nutzern bekannt gegeben. Dabei werden u.a. Daten wie IP-Adresse, Browsertyp, aufgerufene Domains, besuchte Seiten, Mobilfunkanbieter, Ger\u00e4te- und Applikations-IDs und Suchbegriffe an Twitter \u00fcbertragen.<\/p>\n<p>Wir weisen darauf hin, dass wir als Anbieter der Seiten keine Kenntnis vom Inhalt der \u00fcbermittelten Daten sowie deren Nutzung durch Twitter erhalten. Aufgrund laufender Aktualisierung der Datenschutzerkl\u00e4rung von Twitter, weisen wir auf die aktuellste Version unter (http:\/\/twitter.com\/privacy) hin.<\/p>\n<p>Ihre Datenschutzeinstellungen bei Twitter k\u00f6nnen Sie in den Konto-Einstellungen unter http:\/\/twitter.com\/account\/settings \u00e4ndern. Bei Fragen wenden Sie sich an privacy@twitter.com.<\/p>\n<p>&nbsp;<\/p>\n<h3 class=\"container\">Google+ Plugin<\/h3>\n<p class=\"container\">Unsere Seiten nutzen Funktionen von Google+. Anbieter ist die Google Inc., 1600 Amphitheatre Parkway, Mountain View, CA 94043, USA.<\/p>\n<p>Erfassung und Weitergabe von Informationen: Mithilfe der Google+-Schaltfl\u00e4che k\u00f6nnen Sie Informationen weltweit ver\u00f6ffentlichen. \u00dcber die Google+-Schaltfl\u00e4che erhalten Sie und andere Nutzer personalisierte Inhalte von Google und unseren Partnern. Google speichert sowohl die Information, dass Sie f\u00fcr einen Inhalt +1 gegeben haben, als auch Informationen \u00fcber die Seite, die Sie beim Klicken auf +1 angesehen haben. Ihre +1 k\u00f6nnen als Hinweise zusammen mit Ihrem Profilnamen und Ihrem Foto in Google-Diensten, wie etwa in Suchergebnissen oder in Ihrem Google-Profil, oder an anderen Stellen auf Websites und Anzeigen im Internet eingeblendet werden.<\/p>\n<p>Google zeichnet Informationen \u00fcber Ihre +1-Aktivit\u00e4ten auf, um die Google-Dienste f\u00fcr Sie und andere zu verbessern. Um die Google+-Schaltfl\u00e4che verwenden zu k\u00f6nnen, ben\u00f6tigen Sie ein weltweit sichtbares, \u00f6ffentliches Google-Profil, das zumindest den f\u00fcr das Profil gew\u00e4hlten Namen enthalten muss. Dieser Name wird in allen Google-Diensten verwendet. In manchen F\u00e4llen kann dieser Name auch einen anderen Namen ersetzen, den Sie beim Teilen von Inhalten \u00fcber Ihr Google-Konto verwendet haben. Die Identit\u00e4t Ihres Google-Profils kann Nutzern angezeigt werden, die Ihre E-Mail-Adresse kennen oder \u00fcber andere identifizierende Informationen von Ihnen verf\u00fcgen.<\/p>\n<p>Verwendung der erfassten Informationen: Neben den oben erl\u00e4uterten Verwendungszwecken werden die von Ihnen bereitgestellten Informationen gem\u00e4\u00df den geltenden Google-Datenschutzbestimmungen genutzt. Google ver\u00f6ffentlicht m\u00f6glicherweise zusammengefasste Statistiken \u00fcber die +1-Aktivit\u00e4ten der Nutzer bzw. gibt diese an Nutzer und Partner weiter, wie etwa Publisher, Inserenten oder verbundene Websites.<\/p>\n<p>&nbsp;<\/p>\n<h3 class=\"container\">Google Analytics<\/h3>\n<p class=\"container\">Diese Website nutzt Funktionen des Webanalysedienstes Google Analytics. Anbieter ist die Google Inc., 1600 Amphitheatre Parkway Mountain View, CA 94043, USA.<\/p>\n<p>Google Analytics verwendet so genannte \u201eCookies\u201c. Das sind Textdateien, die auf Ihrem Computer gespeichert werden und die eine Analyse der Benutzung der Website durch Sie erm\u00f6glichen. Die durch den Cookie erzeugten Informationen \u00fcber Ihre Benutzung dieser Website werden in der Regel an einen Server von Google in den USA \u00fcbertragen und dort gespeichert.<\/p>\n<p>Die Speicherung von Google-Analytics-Cookies erfolgt auf Grundlage von Art. 6 Abs. 1 lit. f DSGVO. Der Websitebetreiber hat ein berechtigtes Interesse an der Analyse des Nutzerverhaltens, um sowohl sein Webangebot als auch seine Werbung zu optimieren.<\/p>\n<p>&nbsp;<\/p>\n<h4 class=\"container headLine\">IP Anonymisierung<\/h4>\n<p class=\"container\">Wir haben auf dieser Website die Funktion IP-Anonymisierung aktiviert. Dadurch wird Ihre IP-Adresse von Google innerhalb von Mitgliedstaaten der Europ\u00e4ischen Union oder in anderen Vertragsstaaten des Abkommens \u00fcber den Europ\u00e4ischen Wirtschaftsraum vor der \u00dcbermittlung in die USA gek\u00fcrzt. Nur in Ausnahmef\u00e4llen wird die volle IP-Adresse an einen Server von Google in den USA \u00fcbertragen und dort gek\u00fcrzt. Im Auftrag des Betreibers dieser Website wird Google diese Informationen benutzen, um Ihre Nutzung der Website auszuwerten, um Reports \u00fcber die Websiteaktivit\u00e4ten zusammenzustellen und um weitere mit der Websitenutzung und der Internetnutzung verbundene Dienstleistungen gegen\u00fcber dem Websitebetreiber zu erbringen. Die im Rahmen von Google Analytics von Ihrem Browser \u00fcbermittelte IP-Adresse wird nicht mit anderen Daten von Google zusammengef\u00fchrt.<\/p>\n<p>&nbsp;<\/p>\n<h4 class=\"container headLine\">Browser Plugin<\/h4>\n<p class=\"container\">Sie k\u00f6nnen die Speicherung der Cookies durch eine entsprechende Einstellung Ihrer Browser-Software verhindern; wir weisen Sie jedoch darauf hin, dass Sie in diesem Fall gegebenenfalls nicht s\u00e4mtliche Funktionen dieser Website vollumf\u00e4nglich werden nutzen k\u00f6nnen. Sie k\u00f6nnen dar\u00fcber hinaus die Erfassung der durch den Cookie erzeugten und auf Ihre Nutzung der Website bezogenen Daten (inkl. Ihrer IP-Adresse) an Google sowie die Verarbeitung dieser Daten durch Google verhindern, indem Sie das unter dem folgenden Link verf\u00fcgbare Browser-Plugin <a href=\"https:\/\/tools.google.com\/dlpage\/gaoptout?hl=de\" target=\"_blank\" rel=\"noopener\">herunterladen<\/a> und installieren.<\/p>\n<p>Mehr Informationen zum Umgang mit Nutzerdaten bei Google Analytics finden Sie in der <a href=\"https:\/\/support.google.com\/analytics\/answer\/6004245?hl=de\" target=\"_blank\" rel=\"noopener\">Datenschutzerkl\u00e4rung<\/a> von Google.<\/p>\n<p>&nbsp;<\/p>\n<h4 class=\"container headLine\">Auftragsdatenverarbeitung<\/h4>\n<p class=\"container\">Wir haben mit Google einen Vertrag zur Auftragsdatenverarbeitung abgeschlossen und setzen die strengen Vorgaben der deutschen Datenschutzbeh\u00f6rden bei der Nutzung von Google Analytics vollst\u00e4ndig um.<\/p>\n<p>&nbsp;<\/p>\n<h4 class=\"container headLine\">Demografische Merkmale bei Google Analytics<\/h4>\n<p class=\"container\">Diese Website nutzt die Funktion \u201cdemografische Merkmale\u201d von Google Analytics. Dadurch k\u00f6nnen Berichte erstellt werden, die Aussagen zu Alter, Geschlecht und Interessen der Seitenbesucher enthalten. Diese Daten stammen aus interessenbezogener Werbung von Google sowie aus Besucherdaten von Drittanbietern. Diese Daten k\u00f6nnen keiner bestimmten Person zugeordnet werden. Sie k\u00f6nnen diese Funktion jederzeit \u00fcber die Anzeigeneinstellungen in Ihrem GoogleKonto deaktivieren oder die Erfassung Ihrer Daten durch Google Analytics wie im Punkt \u201cWiderspruch gegen Datenerfassung\u201d dargestellt generell untersagen.<\/p>\n<p>&nbsp;<\/p>\n<h3 class=\"container\">Google Analytics Remarketing<\/h3>\n<p class=\"container\">Unsere Websites nutzen die Funktionen von Google Analytics Remarketing in Verbindung mit den ger\u00e4te\u00fcbergreifenden Funktionen von Google AdWords und Google DoubleClick. Anbieter ist die Google Inc., 1600 Amphitheatre Parkway, Mountain View, CA 94043, USA.<\/p>\n<p>Diese Funktion erm\u00f6glicht es die mit Google Analytics Remarketing erstellten Werbe-Zielgruppen mit den ger\u00e4te\u00fcbergreifenden Funktionen von Google AdWords und Google DoubleClick zu verkn\u00fcpfen. Auf diese Weise k\u00f6nnen interessenbezogene, personalisierte Werbebotschaften, die in Abh\u00e4ngigkeit Ihres fr\u00fcheren Nutzungs- und Surfverhaltens auf einem Endger\u00e4t (z.B. Handy) an Sie angepasst wurden auch auf einem anderen Ihrer Endger\u00e4te (z.B. Tablet oder PC) angezeigt werden.<\/p>\n<p>Haben Sie eine entsprechende Einwilligung erteilt, verkn\u00fcpft Google zu diesem Zweck Ihren Web- und App-Browserverlauf mit Ihrem Google-Konto. Auf diese Weise k\u00f6nnen auf jedem Endger\u00e4t auf dem Sie sich mit Ihrem Google-Konto anmelden, dieselben personalisierten Werbebotschaften geschaltet werden.<\/p>\n<p>Zur Unterst\u00fctzung dieser Funktion erfasst Google Analytics google-authentifizierte IDs der Nutzer, die vor\u00fcbergehend mit unseren Google-Analytics-Daten verkn\u00fcpft werden, um Zielgruppen f\u00fcr die ger\u00e4te\u00fcbergreifende Anzeigenwerbung zu definieren und zu erstellen.<br \/>\nSie k\u00f6nnen dem ger\u00e4te\u00fcbergreifenden Remarketing\/Targeting dauerhaft widersprechen, indem Sie personalisierte Werbung in Ihrem Google-Konto deaktivieren; folgen Sie hierzu diesem Link: <a href=\"https:\/\/www.google.com\/settings\/ads\/onweb\/\" target=\"_blank\" rel=\"noopener\">https:\/\/www.google.com\/settings\/ads\/onweb\/<\/a>.<\/p>\n<p>Die Zusammenfassung der erfassten Daten in Ihrem Google-Konto erfolgt ausschlie\u00dflich auf Grundlage Ihrer Einwilligung, die Sie bei Google abgeben oder widerrufen k\u00f6nnen (Art. 6 Abs. 1 lit. a DSGVO). Bei Datenerfassungsvorg\u00e4ngen, die nicht in Ihrem Google-Konto zusammengef\u00fchrt werden (z.B. weil Sie kein Google-Konto haben oder der Zusammenf\u00fchrung widersprochen haben) beruht die Erfassung der Daten auf Art. 6 Abs. 1 lit. f DSGVO. Das berechtigte Interesse ergibt sich daraus, dass der Websitebetreiber ein Interesse an der anonymisierten Analyse der Websitebesucher zu Werbezwecken hat.<br \/>\nWeitergehende Informationen und die Datenschutzbestimmungen finden Sie in der Datenschutzerkl\u00e4rung von Google unter: <a href=\"https:\/\/www.google.com\/policies\/technologies\/ads\/\" target=\"_blank\" rel=\"noopener\">https:\/\/www.google.com\/policies\/technologies\/ads\/<\/a>.<\/p>\n<p>&nbsp;<\/p>\n<h3 class=\"container\">Google AdWords und Google Conversion-Tracking<\/h3>\n<p class=\"container\">Diese Website verwendet Google AdWords. AdWords ist ein Online-Werbeprogramm der Google Inc., 1600 Amphitheatre Parkway, Mountain View, CA 94043, United States (\u201cGoogle\u201d).<br \/>\nIm Rahmen von Google AdWords nutzen wir das so genannte Conversion-Tracking. Wenn Sie auf eine von Google geschaltete Anzeige klicken wird ein Cookie f\u00fcr das Conversion-Tracking gesetzt. Bei Cookies handelt es sich um kleine Textdateien, die der Internet-Browser auf dem Computer des Nutzers ablegt. Diese Cookies verlieren nach 30 Tagen ihre G\u00fcltigkeit und dienen nicht der pers\u00f6nlichen Identifizierung der Nutzer. Besucht der Nutzer bestimmte Seiten dieser Website und das Cookie ist noch nicht abgelaufen, k\u00f6nnen Google und wir erkennen, dass der Nutzer auf die Anzeige geklickt hat und zu dieser Seite weitergeleitet wurde.<\/p>\n<p>Jeder Google AdWords-Kunde erh\u00e4lt ein anderes Cookie. Die Cookies k\u00f6nnen nicht \u00fcber die Websites von AdWords-Kunden nachverfolgt werden. Die mithilfe des Conversion-Cookies eingeholten Informationen dienen dazu, Conversion-Statistiken f\u00fcr AdWords-Kunden zu erstellen, die sich f\u00fcr Conversion-Tracking entschieden haben. Die Kunden erfahren die Gesamtanzahl der Nutzer, die auf ihre Anzeige geklickt haben und zu einer mit einem Conversion-Tracking-Tag versehenen Seite weitergeleitet wurden. Sie erhalten jedoch keine Informationen, mit denen sich Nutzer pers\u00f6nlich identifizieren lassen. Wenn Sie nicht am Tracking teilnehmen m\u00f6chten, k\u00f6nnen Sie dieser Nutzung widersprechen, indem Sie das Cookie des Google Conversion-Trackings \u00fcber ihren Internet-Browser unter Nutzereinstellungen leicht deaktivieren. Sie werden sodann nicht in die Conversion-Tracking Statistiken aufgenommen.<\/p>\n<p>Die Speicherung von \u201cConversion-Cookies\u201d erfolgt auf Grundlage von Art. 6 Abs. 1 lit. f DSGVO. Der Websitebetreiber hat ein berechtigtes Interesse an der Analyse des Nutzerverhaltens, um sowohl sein Webangebot als auch seine Werbung zu optimieren.<br \/>\nMehr Informationen zu Google AdWords und Google Conversion-Tracking finden Sie in den Datenschutzbestimmungen von Google: <a href=\"https:\/\/www.google.de\/policies\/privacy\/\" target=\"_blank\" rel=\"noopener\">https:\/\/www.google.de\/policies\/privacy\/<\/a>.<\/p>\n<p>&nbsp;<\/p>\n<h3 class=\"container\">Google Maps<\/h3>\n<p class=\"container\">Diese Seite nutzt \u00fcber eine API den Kartendienst Google Maps. Anbieter ist die Google Inc., 1600 Amphitheatre Parkway, Mountain View, CA 94043, USA.<\/p>\n<p>Zur Nutzung der Funktionen von Google Maps ist es notwendig, Ihre IP Adresse zu speichern. Diese Informationen werden in der Regel an einen Server von Google in den USA \u00fcbertragen und dort gespeichert. Der Anbieter dieser Seite hat keinen Einfluss auf diese Daten\u00fcbertragung.<\/p>\n<p>Die Nutzung von Google Maps erfolgt im Interesse einer ansprechenden Darstellung unserer Online-Angebote und an einer leichten Auffindbarkeit der von uns auf der Website angegebenen Orte. Dies stellt ein berechtigtes Interesse im Sinne von Art. 6 Abs. 1 lit. f DSGVO dar.<\/p>\n<p>Mehr Informationen zum Umgang mit Nutzerdaten finden Sie in der Datenschutzerkl\u00e4rung von Google: <a href=\"https:\/\/www.google.de\/intl\/de\/policies\/privacy\/\" target=\"_blank\" rel=\"noopener\">https:\/\/www.google.de\/intl\/de\/policies\/privacy\/<\/a>.<\/p>\n<p>&nbsp;<\/p>\n<h3 class=\"container\">YouTube<\/h3>\n<p class=\"container\">Unsere Website nutzt Plugins der von Google betriebenen Seite YouTube. Betreiber der Seiten ist die YouTube, LLC, 901 Cherry Ave., San Bruno, CA 94066, USA.<\/p>\n<p>Wenn Sie eine unserer mit einem YouTube-Plugin ausgestatteten Seiten besuchen, wird eine Verbindung zu den Servern von YouTube hergestellt. Dabei wird dem YouTube-Server mitgeteilt, welche unserer Seiten Sie besucht haben.<\/p>\n<p>Wenn Sie in Ihrem YouTube-Account eingeloggt sind, erm\u00f6glichen Sie YouTube, Ihr Surfverhalten direkt Ihrem pers\u00f6nlichen Profil zuzuordnen. Dies k\u00f6nnen Sie verhindern, indem Sie sich aus Ihrem YouTube-Account ausloggen.<\/p>\n<p>Die Nutzung von YouTube erfolgt im Interesse einer ansprechenden Darstellung unserer Online-Angebote. Dies stellt ein berechtigtes Interesse im Sinne von Art. 6 Abs. 1 lit. f DSGVO dar.<\/p>\n<p>Weitere Informationen zum Umgang mit Nutzerdaten finden Sie in der Datenschutzerkl\u00e4rung von YouTube unter: <a href=\"https:\/\/www.google.de\/intl\/de\/policies\/privacy\" target=\"_blank\" rel=\"noopener\">https:\/\/www.google.de\/intl\/de\/policies\/privacy<\/a>.<\/p>\n<p>&nbsp;<\/p>\n<h3 class=\"container\">Google Fonts<\/h3>\n<p class=\"container\">Auf dieser Website werden Google Fonts genutzt. Gem\u00e4ss unseres Wissens werden dabei keine pers\u00f6nlichen Daten durch Google gespeichert.<br \/>\nDazu muss aber aus technischen Gr\u00fcnden Ihre IP-Adresse an Google \u00fcbermittelt werden, damit die Schriftarten an Ihren Browser \u00fcbertragen werden k\u00f6nnen.<br \/>\nMehr Informationen von Google zu Google Fonts k\u00f6nnen Sie <a href=\"https:\/\/developers.google.com\/fonts\/faq#what_does_using_the_google_fonts_api_mean_for_the_privacy_of_my_users\" target=\"_blank\" rel=\"noopener\">hier einsehen<\/a>.<\/p>\n<p>&nbsp;<\/p>\n<h3 class=\"container\">Recht auf Auskunft, L\u00f6schung, Sperrung<\/h3>\n<p class=\"container\">Sie haben jederzeit das Recht auf unentgeltliche Auskunft \u00fcber Ihre gespeicherten personenbezogenen Daten, deren Herkunft und Empf\u00e4nger und den Zweck der Datenverarbeitung sowie ein Recht auf Berichtigung, Sperrung oder L\u00f6schung dieser Daten. Hierzu sowie zu weiteren Fragen zum Thema personenbezogene Daten k\u00f6nnen Sie sich jederzeit unter der oben angegebenen Adresse an uns wenden.<\/p>\n<p>[\/vc_column_text][\/vc_column][\/vc_row]<\/p>\n","protected":false},"excerpt":{"rendered":"<p>[vc_row][vc_column][vc_column_text] Datenschutzerkl\u00e4rung Diese Datenschutzerkl\u00e4rung unterliegt den Gesetzen der Schweiz und ist gem\u00e4ss diesen Gesetzen auszulegen. Die Bestimmungen ber\u00fccksichtigen die Neuregelungen im Rahmen der Datenschutz-Grundverordnung der EU von 2018 (DSGVO 2016\/679). Die Betreiber dieser Seiten nehmen den Schutz Ihrer pers\u00f6nlichen Daten sehr ernst. Wir behandeln Ihre personenbezogenen Daten vertraulich und entsprechend der gesetzlichen Datenschutzvorschriften sowie dieser&hellip;<\/p>\n","protected":false},"author":1,"featured_media":0,"parent":0,"menu_order":0,"comment_status":"closed","ping_status":"closed","template":"","meta":{"footnotes":""},"class_list":["post-45310","page","type-page","status-publish","hentry","description-off"],"_links":{"self":[{"href":"https:\/\/www.fasnachtarbon.ch\/index.php?rest_route=\/wp\/v2\/pages\/45310","targetHints":{"allow":["GET"]}}],"collection":[{"href":"https:\/\/www.fasnachtarbon.ch\/index.php?rest_route=\/wp\/v2\/pages"}],"about":[{"href":"https:\/\/www.fasnachtarbon.ch\/index.php?rest_route=\/wp\/v2\/types\/page"}],"author":[{"embeddable":true,"href":"https:\/\/www.fasnachtarbon.ch\/index.php?rest_route=\/wp\/v2\/users\/1"}],"replies":[{"embeddable":true,"href":"https:\/\/www.fasnachtarbon.ch\/index.php?rest_route=%2Fwp%2Fv2%2Fcomments&post=45310"}],"version-history":[{"count":4,"href":"https:\/\/www.fasnachtarbon.ch\/index.php?rest_route=\/wp\/v2\/pages\/45310\/revisions"}],"predecessor-version":[{"id":45315,"href":"https:\/\/www.fasnachtarbon.ch\/index.php?rest_route=\/wp\/v2\/pages\/45310\/revisions\/45315"}],"wp:attachment":[{"href":"https:\/\/www.fasnachtarbon.ch\/index.php?rest_route=%2Fwp%2Fv2%2Fmedia&parent=45310"}],"curies":[{"name":"wp","href":"https:\/\/api.w.org\/{rel}","templated":true}]}}